
{"id":65,"date":"2019-05-06T19:24:36","date_gmt":"2019-05-06T17:24:36","guid":{"rendered":"http:\/\/www.cooperativaimpronta.it\/?page_id=65"},"modified":"2020-11-09T16:42:00","modified_gmt":"2020-11-09T15:42:00","slug":"laboratori","status":"publish","type":"page","link":"https:\/\/www.cooperativaimpronta.it\/?page_id=65","title":{"rendered":"Laboratori"},"content":{"rendered":"\n<div class=\"wp-block-image\"><figure class=\"aligncenter size-large is-resized\"><img loading=\"lazy\" decoding=\"async\" src=\"http:\/\/www.cooperativaimpronta.it\/wp-content\/uploads\/laboratori.jpg\" alt=\"\" class=\"wp-image-284\" width=\"319\" height=\"191\" srcset=\"https:\/\/www.cooperativaimpronta.it\/wp-content\/uploads\/laboratori.jpg 500w, https:\/\/www.cooperativaimpronta.it\/wp-content\/uploads\/laboratori-300x180.jpg 300w\" sizes=\"auto, (max-width: 319px) 100vw, 319px\" \/><\/figure><\/div>\n\n\n\n<p><strong>I laboratori artigianali \/attivit\u00e0 didattiche<\/strong><\/p>\n\n\n\n<p>I laboratori, incentrati sulla creazione di\noggetti artigianali e artistici a partire da materiali di recupero, offrono l&#8217;occasione per uno sviluppo della creativit\u00e0 e incentivi al gusto della ricerca oltre che la possibilit\u00e0 di sperimentare rapporti e relazioni costruttive con i coetanei. Queste attivit\u00e0 hanno lo scopo di fornire strumenti base, sia per quanto riguarda l\u2019avviamento al lavoro (apprendimento di alcune tecniche artigianali, lavoro cooperativo, lavorare per progetti, problem solving ecc.), sia per quanto riguarda l\u2019apprendimento delle regole comportamentali basilari necessarie per affacciarsi al mondo del lavoro (educazione, rispetto di regole e orari, linguaggio consono all\u2019ambiente ecc.). <\/p>\n\n\n\n<p><strong>L\u2019attivit\u00e0 di cucina.<\/strong><\/p>\n\n\n\n<p>L\u2019attivit\u00e0 di cucina prevede\nche il ragazzo apprenda, accompagnato da un operatore di riferimento, a\npreparare piatti pi\u00f9 o meno complessi e a contribuire all\u2019organizzazione del\nmomento collettivo del pranzo. Attraverso questa attivit\u00e0, non solo si\npredispone il ragazzo ad acquisire competenze specifiche nel campo della\ncucina, ma anche rispetto a tutto ci\u00f2 che concerne \u201clo stare insieme\u201d durante\nla vita comunitaria. Ci\u00f2 significa anche occuparsi dell\u2019ordine e della pulizia\ndegli spazi comuni, imparare a ragionare nella logica di una quotidianit\u00e0\ncondivisa (non pensare solo a s\u00e9, ma anche agli altri), rispettare tempi e\nritmi predefiniti, svolgere compiti che hanno una ricaduta immediata anche\nsugli altri. Questa attivit\u00e0 costituisce anche un momento privilegiato di\ndialogo con l\u2019operatore di riferimento staccato dalle dinamiche di gruppo che\ngli altri laboratori implicano.<\/p>\n","protected":false},"excerpt":{"rendered":"<p>I laboratori artigianali \/attivit\u00e0 didattiche I laboratori, incentrati sulla creazione di oggetti artigianali e artistici a partire da materiali di recupero, offrono l&#8217;occasione per uno sviluppo della creativit\u00e0 e incentivi al gusto della ricerca oltre che la possibilit\u00e0 di sperimentare rapporti e relazioni costruttive con i coetanei. Queste attivit\u00e0 hanno lo scopo di fornire strumenti [&hellip;]<\/p>\n","protected":false},"author":2,"featured_media":0,"parent":0,"menu_order":0,"comment_status":"closed","ping_status":"closed","template":"","meta":{"om_disable_all_campaigns":false,"_monsterinsights_skip_tracking":false,"_monsterinsights_sitenote_active":false,"_monsterinsights_sitenote_note":"","_monsterinsights_sitenote_category":0,"_uf_show_specific_survey":0,"_uf_disable_surveys":false,"footnotes":""},"class_list":["post-65","page","type-page","status-publish","hentry"],"aioseo_notices":[],"_links":{"self":[{"href":"https:\/\/www.cooperativaimpronta.it\/index.php?rest_route=\/wp\/v2\/pages\/65","targetHints":{"allow":["GET"]}}],"collection":[{"href":"https:\/\/www.cooperativaimpronta.it\/index.php?rest_route=\/wp\/v2\/pages"}],"about":[{"href":"https:\/\/www.cooperativaimpronta.it\/index.php?rest_route=\/wp\/v2\/types\/page"}],"author":[{"embeddable":true,"href":"https:\/\/www.cooperativaimpronta.it\/index.php?rest_route=\/wp\/v2\/users\/2"}],"replies":[{"embeddable":true,"href":"https:\/\/www.cooperativaimpronta.it\/index.php?rest_route=%2Fwp%2Fv2%2Fcomments&post=65"}],"version-history":[{"count":9,"href":"https:\/\/www.cooperativaimpronta.it\/index.php?rest_route=\/wp\/v2\/pages\/65\/revisions"}],"predecessor-version":[{"id":326,"href":"https:\/\/www.cooperativaimpronta.it\/index.php?rest_route=\/wp\/v2\/pages\/65\/revisions\/326"}],"wp:attachment":[{"href":"https:\/\/www.cooperativaimpronta.it\/index.php?rest_route=%2Fwp%2Fv2%2Fmedia&parent=65"}],"curies":[{"name":"wp","href":"https:\/\/api.w.org\/{rel}","templated":true}]}}